{"id":14481,"date":"2024-10-29T13:19:34","date_gmt":"2024-10-29T12:19:34","guid":{"rendered":"https:\/\/www.albedis.com\/?page_id=14481"},"modified":"2024-12-03T11:44:44","modified_gmt":"2024-12-03T10:44:44","slug":"office-management-support","status":"publish","type":"page","link":"https:\/\/www.albedis.com\/de\/fachgebiete\/office-management-support\/","title":{"rendered":"Office Management Support"},"content":{"rendered":"","protected":false},"excerpt":{"rendered":"<p>&#8230;<\/p>\n","protected":false},"author":1,"featured_media":0,"parent":1286,"menu_order":0,"comment_status":"closed","ping_status":"closed","template":"page-templates\/template-office.php","meta":{"_monsterinsights_skip_tracking":false,"_monsterinsights_sitenote_active":false,"_monsterinsights_sitenote_note":"","_monsterinsights_sitenote_category":0,"footnotes":""},"class_list":["post-14481","page","type-page","status-publish","hentry"],"yoast_head":"<!-- This site is optimized with the Yoast SEO plugin v26.9 - https:\/\/yoast.com\/product\/yoast-seo-wordpress\/ -->\n<title>Office Management Support - albedis<\/title>\n<meta name=\"description\" content=\"Effiziente B\u00fcroabl\u00e4ufe sind f\u00fcr die Produktivit\u00e4t von entscheidender Bedeutung. Als Spezialist f\u00fcr die Vermittlung von B\u00fcroleitern, Verwaltungsassistenten und hochrangigem Unterst\u00fctzungspersonal bringt albedis Unternehmen mit Talenten zusammen, die f\u00fcr einen reibungslosen Ablauf der t\u00e4glichen Arbeitsabl\u00e4ufe sorgen.\" \/>\n<meta name=\"robots\" content=\"index, follow, max-snippet:-1, max-image-preview:large, max-video-preview:-1\" \/>\n<link rel=\"canonical\" href=\"https:\/\/www.albedis.com\/de\/fachgebiete\/office-management-support\/\" \/>\n<meta property=\"og:locale\" content=\"de_DE\" \/>\n<meta property=\"og:type\" content=\"article\" \/>\n<meta property=\"og:title\" content=\"Office Management Support - albedis\" \/>\n<meta property=\"og:description\" content=\"Effiziente B\u00fcroabl\u00e4ufe sind f\u00fcr die Produktivit\u00e4t von entscheidender Bedeutung. Als Spezialist f\u00fcr die Vermittlung von B\u00fcroleitern, Verwaltungsassistenten und hochrangigem Unterst\u00fctzungspersonal bringt albedis Unternehmen mit Talenten zusammen, die f\u00fcr einen reibungslosen Ablauf der t\u00e4glichen Arbeitsabl\u00e4ufe sorgen.\" \/>\n<meta property=\"og:url\" content=\"https:\/\/www.albedis.com\/de\/fachgebiete\/office-management-support\/\" \/>\n<meta property=\"og:site_name\" content=\"albedis\" \/>\n<meta property=\"article:modified_time\" content=\"2024-12-03T10:44:44+00:00\" \/>\n<meta property=\"og:image\" content=\"https:\/\/www.albedis.com\/wp-content\/uploads\/2022\/08\/albedis_520x270.jpg\" \/>\n\t<meta property=\"og:image:width\" content=\"520\" \/>\n\t<meta property=\"og:image:height\" content=\"270\" \/>\n\t<meta property=\"og:image:type\" content=\"image\/jpeg\" \/>\n<meta name=\"twitter:card\" content=\"summary_large_image\" \/>\n<script type=\"application\/ld+json\" class=\"yoast-schema-graph\">{\"@context\":\"https:\/\/schema.org\",\"@graph\":[{\"@type\":\"WebPage\",\"@id\":\"https:\/\/www.albedis.com\/de\/fachgebiete\/office-management-support\/\",\"url\":\"https:\/\/www.albedis.com\/de\/fachgebiete\/office-management-support\/\",\"name\":\"Office Management Support - albedis\",\"isPartOf\":{\"@id\":\"https:\/\/www.albedis.com\/de\/#website\"},\"datePublished\":\"2024-10-29T12:19:34+00:00\",\"dateModified\":\"2024-12-03T10:44:44+00:00\",\"description\":\"Effiziente B\u00fcroabl\u00e4ufe sind f\u00fcr die Produktivit\u00e4t von entscheidender Bedeutung. Als Spezialist f\u00fcr die Vermittlung von B\u00fcroleitern, Verwaltungsassistenten und hochrangigem Unterst\u00fctzungspersonal bringt albedis Unternehmen mit Talenten zusammen, die f\u00fcr einen reibungslosen Ablauf der t\u00e4glichen Arbeitsabl\u00e4ufe sorgen.\",\"breadcrumb\":{\"@id\":\"https:\/\/www.albedis.com\/de\/fachgebiete\/office-management-support\/#breadcrumb\"},\"inLanguage\":\"de\",\"potentialAction\":[{\"@type\":\"ReadAction\",\"target\":[\"https:\/\/www.albedis.com\/de\/fachgebiete\/office-management-support\/\"]}]},{\"@type\":\"BreadcrumbList\",\"@id\":\"https:\/\/www.albedis.com\/de\/fachgebiete\/office-management-support\/#breadcrumb\",\"itemListElement\":[{\"@type\":\"ListItem\",\"position\":1,\"name\":\"Accueil\",\"item\":\"https:\/\/www.albedis.com\/de\/\"},{\"@type\":\"ListItem\",\"position\":2,\"name\":\"Unsere Fachgebiete bei der Personalberatung &#8211; Unsere Fachgebiete\",\"item\":\"https:\/\/www.albedis.com\/de\/fachgebiete\/\"},{\"@type\":\"ListItem\",\"position\":3,\"name\":\"Office Management Support\"}]},{\"@type\":\"WebSite\",\"@id\":\"https:\/\/www.albedis.com\/de\/#website\",\"url\":\"https:\/\/www.albedis.com\/de\/\",\"name\":\"albedis\",\"description\":\"R\u00e9v\u00e9lateur de talents depuis 2008.\",\"publisher\":{\"@id\":\"https:\/\/www.albedis.com\/de\/#organization\"},\"potentialAction\":[{\"@type\":\"SearchAction\",\"target\":{\"@type\":\"EntryPoint\",\"urlTemplate\":\"https:\/\/www.albedis.com\/de\/?s={search_term_string}\"},\"query-input\":{\"@type\":\"PropertyValueSpecification\",\"valueRequired\":true,\"valueName\":\"search_term_string\"}}],\"inLanguage\":\"de\"},{\"@type\":\"Organization\",\"@id\":\"https:\/\/www.albedis.com\/de\/#organization\",\"name\":\"albedis\",\"url\":\"https:\/\/www.albedis.com\/de\/\",\"logo\":{\"@type\":\"ImageObject\",\"inLanguage\":\"de\",\"@id\":\"https:\/\/www.albedis.com\/de\/#\/schema\/logo\/image\/\",\"url\":\"https:\/\/www.albedis.com\/wp-content\/uploads\/2022\/05\/albedis_250x100.png\",\"contentUrl\":\"https:\/\/www.albedis.com\/wp-content\/uploads\/2022\/05\/albedis_250x100.png\",\"width\":250,\"height\":100,\"caption\":\"albedis\"},\"image\":{\"@id\":\"https:\/\/www.albedis.com\/de\/#\/schema\/logo\/image\/\"}}]}<\/script>\n<!-- \/ Yoast SEO plugin. -->","yoast_head_json":{"title":"Office Management Support - albedis","description":"Effiziente B\u00fcroabl\u00e4ufe sind f\u00fcr die Produktivit\u00e4t von entscheidender Bedeutung. Als Spezialist f\u00fcr die Vermittlung von B\u00fcroleitern, Verwaltungsassistenten und hochrangigem Unterst\u00fctzungspersonal bringt albedis Unternehmen mit Talenten zusammen, die f\u00fcr einen reibungslosen Ablauf der t\u00e4glichen Arbeitsabl\u00e4ufe sorgen.","robots":{"index":"index","follow":"follow","max-snippet":"max-snippet:-1","max-image-preview":"max-image-preview:large","max-video-preview":"max-video-preview:-1"},"canonical":"https:\/\/www.albedis.com\/de\/fachgebiete\/office-management-support\/","og_locale":"de_DE","og_type":"article","og_title":"Office Management Support - albedis","og_description":"Effiziente B\u00fcroabl\u00e4ufe sind f\u00fcr die Produktivit\u00e4t von entscheidender Bedeutung. Als Spezialist f\u00fcr die Vermittlung von B\u00fcroleitern, Verwaltungsassistenten und hochrangigem Unterst\u00fctzungspersonal bringt albedis Unternehmen mit Talenten zusammen, die f\u00fcr einen reibungslosen Ablauf der t\u00e4glichen Arbeitsabl\u00e4ufe sorgen.","og_url":"https:\/\/www.albedis.com\/de\/fachgebiete\/office-management-support\/","og_site_name":"albedis","article_modified_time":"2024-12-03T10:44:44+00:00","og_image":[{"width":520,"height":270,"url":"https:\/\/www.albedis.com\/wp-content\/uploads\/2022\/08\/albedis_520x270.jpg","type":"image\/jpeg"}],"twitter_card":"summary_large_image","schema":{"@context":"https:\/\/schema.org","@graph":[{"@type":"WebPage","@id":"https:\/\/www.albedis.com\/de\/fachgebiete\/office-management-support\/","url":"https:\/\/www.albedis.com\/de\/fachgebiete\/office-management-support\/","name":"Office Management Support - albedis","isPartOf":{"@id":"https:\/\/www.albedis.com\/de\/#website"},"datePublished":"2024-10-29T12:19:34+00:00","dateModified":"2024-12-03T10:44:44+00:00","description":"Effiziente B\u00fcroabl\u00e4ufe sind f\u00fcr die Produktivit\u00e4t von entscheidender Bedeutung. Als Spezialist f\u00fcr die Vermittlung von B\u00fcroleitern, Verwaltungsassistenten und hochrangigem Unterst\u00fctzungspersonal bringt albedis Unternehmen mit Talenten zusammen, die f\u00fcr einen reibungslosen Ablauf der t\u00e4glichen Arbeitsabl\u00e4ufe sorgen.","breadcrumb":{"@id":"https:\/\/www.albedis.com\/de\/fachgebiete\/office-management-support\/#breadcrumb"},"inLanguage":"de","potentialAction":[{"@type":"ReadAction","target":["https:\/\/www.albedis.com\/de\/fachgebiete\/office-management-support\/"]}]},{"@type":"BreadcrumbList","@id":"https:\/\/www.albedis.com\/de\/fachgebiete\/office-management-support\/#breadcrumb","itemListElement":[{"@type":"ListItem","position":1,"name":"Accueil","item":"https:\/\/www.albedis.com\/de\/"},{"@type":"ListItem","position":2,"name":"Unsere Fachgebiete bei der Personalberatung &#8211; Unsere Fachgebiete","item":"https:\/\/www.albedis.com\/de\/fachgebiete\/"},{"@type":"ListItem","position":3,"name":"Office Management Support"}]},{"@type":"WebSite","@id":"https:\/\/www.albedis.com\/de\/#website","url":"https:\/\/www.albedis.com\/de\/","name":"albedis","description":"R\u00e9v\u00e9lateur de talents depuis 2008.","publisher":{"@id":"https:\/\/www.albedis.com\/de\/#organization"},"potentialAction":[{"@type":"SearchAction","target":{"@type":"EntryPoint","urlTemplate":"https:\/\/www.albedis.com\/de\/?s={search_term_string}"},"query-input":{"@type":"PropertyValueSpecification","valueRequired":true,"valueName":"search_term_string"}}],"inLanguage":"de"},{"@type":"Organization","@id":"https:\/\/www.albedis.com\/de\/#organization","name":"albedis","url":"https:\/\/www.albedis.com\/de\/","logo":{"@type":"ImageObject","inLanguage":"de","@id":"https:\/\/www.albedis.com\/de\/#\/schema\/logo\/image\/","url":"https:\/\/www.albedis.com\/wp-content\/uploads\/2022\/05\/albedis_250x100.png","contentUrl":"https:\/\/www.albedis.com\/wp-content\/uploads\/2022\/05\/albedis_250x100.png","width":250,"height":100,"caption":"albedis"},"image":{"@id":"https:\/\/www.albedis.com\/de\/#\/schema\/logo\/image\/"}}]}},"_links":{"self":[{"href":"https:\/\/www.albedis.com\/de\/wp-json\/wp\/v2\/pages\/14481","targetHints":{"allow":["GET"]}}],"collection":[{"href":"https:\/\/www.albedis.com\/de\/wp-json\/wp\/v2\/pages"}],"about":[{"href":"https:\/\/www.albedis.com\/de\/wp-json\/wp\/v2\/types\/page"}],"author":[{"embeddable":true,"href":"https:\/\/www.albedis.com\/de\/wp-json\/wp\/v2\/users\/1"}],"replies":[{"embeddable":true,"href":"https:\/\/www.albedis.com\/de\/wp-json\/wp\/v2\/comments?post=14481"}],"version-history":[{"count":1,"href":"https:\/\/www.albedis.com\/de\/wp-json\/wp\/v2\/pages\/14481\/revisions"}],"predecessor-version":[{"id":14482,"href":"https:\/\/www.albedis.com\/de\/wp-json\/wp\/v2\/pages\/14481\/revisions\/14482"}],"up":[{"embeddable":true,"href":"https:\/\/www.albedis.com\/de\/wp-json\/wp\/v2\/pages\/1286"}],"wp:attachment":[{"href":"https:\/\/www.albedis.com\/de\/wp-json\/wp\/v2\/media?parent=14481"}],"curies":[{"name":"wp","href":"https:\/\/api.w.org\/{rel}","templated":true}]}}