{"id":14535,"date":"2024-10-31T10:17:46","date_gmt":"2024-10-31T09:17:46","guid":{"rendered":"https:\/\/www.albedis.com\/dienstleistungen\/payrolling\/"},"modified":"2024-12-05T10:12:46","modified_gmt":"2024-12-05T09:12:46","slug":"payrolling","status":"publish","type":"page","link":"https:\/\/www.albedis.com\/de\/dienstleistungen\/payrolling\/","title":{"rendered":"Payrolling"},"content":{"rendered":"","protected":false},"excerpt":{"rendered":"<p>&#8230;<\/p>\n","protected":false},"author":1,"featured_media":0,"parent":14475,"menu_order":0,"comment_status":"closed","ping_status":"closed","template":"page-templates\/template-payrolling.php","meta":{"_monsterinsights_skip_tracking":false,"_monsterinsights_sitenote_active":false,"_monsterinsights_sitenote_note":"","_monsterinsights_sitenote_category":0,"footnotes":""},"class_list":["post-14535","page","type-page","status-publish","hentry"],"yoast_head":"<!-- This site is optimized with the Yoast SEO plugin v26.9 - https:\/\/yoast.com\/product\/yoast-seo-wordpress\/ -->\n<title>Payrolling - albedis<\/title>\n<meta name=\"description\" content=\"Befreien Sie sich mit unserem Payrolling-Service vom Verwaltungsaufwand. Wir k\u00fcmmern uns um Vertr\u00e4ge, Geh\u00e4lter und gesetzliche Verpflichtungen, damit Sie sich auf Ihr Gesch\u00e4ft konzentrieren k\u00f6nnen.\" \/>\n<meta name=\"robots\" content=\"index, follow, max-snippet:-1, max-image-preview:large, max-video-preview:-1\" \/>\n<link rel=\"canonical\" href=\"https:\/\/www.albedis.com\/de\/dienstleistungen\/payrolling\/\" \/>\n<meta property=\"og:locale\" content=\"de_DE\" \/>\n<meta property=\"og:type\" content=\"article\" \/>\n<meta property=\"og:title\" content=\"Payrolling - albedis\" \/>\n<meta property=\"og:description\" content=\"Befreien Sie sich mit unserem Payrolling-Service vom Verwaltungsaufwand. Wir k\u00fcmmern uns um Vertr\u00e4ge, Geh\u00e4lter und gesetzliche Verpflichtungen, damit Sie sich auf Ihr Gesch\u00e4ft konzentrieren k\u00f6nnen.\" \/>\n<meta property=\"og:url\" content=\"https:\/\/www.albedis.com\/de\/dienstleistungen\/payrolling\/\" \/>\n<meta property=\"og:site_name\" content=\"albedis\" \/>\n<meta property=\"article:modified_time\" content=\"2024-12-05T09:12:46+00:00\" \/>\n<meta property=\"og:image\" content=\"https:\/\/www.albedis.com\/wp-content\/uploads\/2022\/08\/albedis_520x270.jpg\" \/>\n\t<meta property=\"og:image:width\" content=\"520\" \/>\n\t<meta property=\"og:image:height\" content=\"270\" \/>\n\t<meta property=\"og:image:type\" content=\"image\/jpeg\" \/>\n<meta name=\"twitter:card\" content=\"summary_large_image\" \/>\n<script type=\"application\/ld+json\" class=\"yoast-schema-graph\">{\"@context\":\"https:\/\/schema.org\",\"@graph\":[{\"@type\":\"WebPage\",\"@id\":\"https:\/\/www.albedis.com\/de\/dienstleistungen\/payrolling\/\",\"url\":\"https:\/\/www.albedis.com\/de\/dienstleistungen\/payrolling\/\",\"name\":\"Payrolling - albedis\",\"isPartOf\":{\"@id\":\"https:\/\/www.albedis.com\/de\/#website\"},\"datePublished\":\"2024-10-31T09:17:46+00:00\",\"dateModified\":\"2024-12-05T09:12:46+00:00\",\"description\":\"Befreien Sie sich mit unserem Payrolling-Service vom Verwaltungsaufwand. Wir k\u00fcmmern uns um Vertr\u00e4ge, Geh\u00e4lter und gesetzliche Verpflichtungen, damit Sie sich auf Ihr Gesch\u00e4ft konzentrieren k\u00f6nnen.\",\"breadcrumb\":{\"@id\":\"https:\/\/www.albedis.com\/de\/dienstleistungen\/payrolling\/#breadcrumb\"},\"inLanguage\":\"de\",\"potentialAction\":[{\"@type\":\"ReadAction\",\"target\":[\"https:\/\/www.albedis.com\/de\/dienstleistungen\/payrolling\/\"]}]},{\"@type\":\"BreadcrumbList\",\"@id\":\"https:\/\/www.albedis.com\/de\/dienstleistungen\/payrolling\/#breadcrumb\",\"itemListElement\":[{\"@type\":\"ListItem\",\"position\":1,\"name\":\"Accueil\",\"item\":\"https:\/\/www.albedis.com\/de\/\"},{\"@type\":\"ListItem\",\"position\":2,\"name\":\"Dienstleistungen\",\"item\":\"https:\/\/www.albedis.com\/de\/dienstleistungen\/\"},{\"@type\":\"ListItem\",\"position\":3,\"name\":\"Payrolling\"}]},{\"@type\":\"WebSite\",\"@id\":\"https:\/\/www.albedis.com\/de\/#website\",\"url\":\"https:\/\/www.albedis.com\/de\/\",\"name\":\"albedis\",\"description\":\"R\u00e9v\u00e9lateur de talents depuis 2008.\",\"publisher\":{\"@id\":\"https:\/\/www.albedis.com\/de\/#organization\"},\"potentialAction\":[{\"@type\":\"SearchAction\",\"target\":{\"@type\":\"EntryPoint\",\"urlTemplate\":\"https:\/\/www.albedis.com\/de\/?s={search_term_string}\"},\"query-input\":{\"@type\":\"PropertyValueSpecification\",\"valueRequired\":true,\"valueName\":\"search_term_string\"}}],\"inLanguage\":\"de\"},{\"@type\":\"Organization\",\"@id\":\"https:\/\/www.albedis.com\/de\/#organization\",\"name\":\"albedis\",\"url\":\"https:\/\/www.albedis.com\/de\/\",\"logo\":{\"@type\":\"ImageObject\",\"inLanguage\":\"de\",\"@id\":\"https:\/\/www.albedis.com\/de\/#\/schema\/logo\/image\/\",\"url\":\"https:\/\/www.albedis.com\/wp-content\/uploads\/2022\/05\/albedis_250x100.png\",\"contentUrl\":\"https:\/\/www.albedis.com\/wp-content\/uploads\/2022\/05\/albedis_250x100.png\",\"width\":250,\"height\":100,\"caption\":\"albedis\"},\"image\":{\"@id\":\"https:\/\/www.albedis.com\/de\/#\/schema\/logo\/image\/\"}}]}<\/script>\n<!-- \/ Yoast SEO plugin. -->","yoast_head_json":{"title":"Payrolling - albedis","description":"Befreien Sie sich mit unserem Payrolling-Service vom Verwaltungsaufwand. Wir k\u00fcmmern uns um Vertr\u00e4ge, Geh\u00e4lter und gesetzliche Verpflichtungen, damit Sie sich auf Ihr Gesch\u00e4ft konzentrieren k\u00f6nnen.","robots":{"index":"index","follow":"follow","max-snippet":"max-snippet:-1","max-image-preview":"max-image-preview:large","max-video-preview":"max-video-preview:-1"},"canonical":"https:\/\/www.albedis.com\/de\/dienstleistungen\/payrolling\/","og_locale":"de_DE","og_type":"article","og_title":"Payrolling - albedis","og_description":"Befreien Sie sich mit unserem Payrolling-Service vom Verwaltungsaufwand. Wir k\u00fcmmern uns um Vertr\u00e4ge, Geh\u00e4lter und gesetzliche Verpflichtungen, damit Sie sich auf Ihr Gesch\u00e4ft konzentrieren k\u00f6nnen.","og_url":"https:\/\/www.albedis.com\/de\/dienstleistungen\/payrolling\/","og_site_name":"albedis","article_modified_time":"2024-12-05T09:12:46+00:00","og_image":[{"width":520,"height":270,"url":"https:\/\/www.albedis.com\/wp-content\/uploads\/2022\/08\/albedis_520x270.jpg","type":"image\/jpeg"}],"twitter_card":"summary_large_image","schema":{"@context":"https:\/\/schema.org","@graph":[{"@type":"WebPage","@id":"https:\/\/www.albedis.com\/de\/dienstleistungen\/payrolling\/","url":"https:\/\/www.albedis.com\/de\/dienstleistungen\/payrolling\/","name":"Payrolling - albedis","isPartOf":{"@id":"https:\/\/www.albedis.com\/de\/#website"},"datePublished":"2024-10-31T09:17:46+00:00","dateModified":"2024-12-05T09:12:46+00:00","description":"Befreien Sie sich mit unserem Payrolling-Service vom Verwaltungsaufwand. Wir k\u00fcmmern uns um Vertr\u00e4ge, Geh\u00e4lter und gesetzliche Verpflichtungen, damit Sie sich auf Ihr Gesch\u00e4ft konzentrieren k\u00f6nnen.","breadcrumb":{"@id":"https:\/\/www.albedis.com\/de\/dienstleistungen\/payrolling\/#breadcrumb"},"inLanguage":"de","potentialAction":[{"@type":"ReadAction","target":["https:\/\/www.albedis.com\/de\/dienstleistungen\/payrolling\/"]}]},{"@type":"BreadcrumbList","@id":"https:\/\/www.albedis.com\/de\/dienstleistungen\/payrolling\/#breadcrumb","itemListElement":[{"@type":"ListItem","position":1,"name":"Accueil","item":"https:\/\/www.albedis.com\/de\/"},{"@type":"ListItem","position":2,"name":"Dienstleistungen","item":"https:\/\/www.albedis.com\/de\/dienstleistungen\/"},{"@type":"ListItem","position":3,"name":"Payrolling"}]},{"@type":"WebSite","@id":"https:\/\/www.albedis.com\/de\/#website","url":"https:\/\/www.albedis.com\/de\/","name":"albedis","description":"R\u00e9v\u00e9lateur de talents depuis 2008.","publisher":{"@id":"https:\/\/www.albedis.com\/de\/#organization"},"potentialAction":[{"@type":"SearchAction","target":{"@type":"EntryPoint","urlTemplate":"https:\/\/www.albedis.com\/de\/?s={search_term_string}"},"query-input":{"@type":"PropertyValueSpecification","valueRequired":true,"valueName":"search_term_string"}}],"inLanguage":"de"},{"@type":"Organization","@id":"https:\/\/www.albedis.com\/de\/#organization","name":"albedis","url":"https:\/\/www.albedis.com\/de\/","logo":{"@type":"ImageObject","inLanguage":"de","@id":"https:\/\/www.albedis.com\/de\/#\/schema\/logo\/image\/","url":"https:\/\/www.albedis.com\/wp-content\/uploads\/2022\/05\/albedis_250x100.png","contentUrl":"https:\/\/www.albedis.com\/wp-content\/uploads\/2022\/05\/albedis_250x100.png","width":250,"height":100,"caption":"albedis"},"image":{"@id":"https:\/\/www.albedis.com\/de\/#\/schema\/logo\/image\/"}}]}},"_links":{"self":[{"href":"https:\/\/www.albedis.com\/de\/wp-json\/wp\/v2\/pages\/14535","targetHints":{"allow":["GET"]}}],"collection":[{"href":"https:\/\/www.albedis.com\/de\/wp-json\/wp\/v2\/pages"}],"about":[{"href":"https:\/\/www.albedis.com\/de\/wp-json\/wp\/v2\/types\/page"}],"author":[{"embeddable":true,"href":"https:\/\/www.albedis.com\/de\/wp-json\/wp\/v2\/users\/1"}],"replies":[{"embeddable":true,"href":"https:\/\/www.albedis.com\/de\/wp-json\/wp\/v2\/comments?post=14535"}],"version-history":[{"count":1,"href":"https:\/\/www.albedis.com\/de\/wp-json\/wp\/v2\/pages\/14535\/revisions"}],"predecessor-version":[{"id":14536,"href":"https:\/\/www.albedis.com\/de\/wp-json\/wp\/v2\/pages\/14535\/revisions\/14536"}],"up":[{"embeddable":true,"href":"https:\/\/www.albedis.com\/de\/wp-json\/wp\/v2\/pages\/14475"}],"wp:attachment":[{"href":"https:\/\/www.albedis.com\/de\/wp-json\/wp\/v2\/media?parent=14535"}],"curies":[{"name":"wp","href":"https:\/\/api.w.org\/{rel}","templated":true}]}}